{"id":45,"date":"2016-03-22T16:00:49","date_gmt":"2016-03-22T15:00:49","guid":{"rendered":"https:\/\/fio01.com\/?page_id=45"},"modified":"2025-06-09T17:45:19","modified_gmt":"2025-06-09T15:45:19","slug":"bienvenue-chez-frederic","status":"publish","type":"page","link":"https:\/\/www.fio01.com\/","title":{"rendered":"Bienvenue chez Frederic"},"content":{"rendered":"<p style=\"text-align: justify;\"><span style=\"font-size: 16px;\"><span style=\"font-family: georgia,serif;\">Ce site se veut un outil de r\u00e9f\u00e9rence pour ceux qui aimerait lancer un site Internet. L&rsquo;approche se veut \u00e0 la port\u00e9e de tous les d\u00e9butants, nul besoin d&rsquo;\u00eatre un crack en informatique, la marche \u00e0 suivre est limpide.<\/span><\/span><\/p>\n<p style=\"text-align: justify;\"><span style=\"font-size: 16px;\"><span style=\"font-family: georgia,serif;\">Une fois les notions de base acquises, vous montez un\u00a0serveur, y installez WordPress\u00a0et ses diff\u00e9rents plugins.<\/span><\/span><\/p>\n<p style=\"text-align: center;\"><span style=\"font-size: 16px;\"><span style=\"font-family: georgia,serif;\">Voil\u00e0, vous \u00eates pr\u00eat \u00e0 mettre votre site en ligne.<\/span><\/span><\/p>\n<p style=\"text-align: center;\"><span style=\"font-size: 16px;\"><span style=\"font-family: georgia,serif;\">Esp\u00e9rant vous faciliter la t\u00e2che.<\/span><\/span><\/p>\n<p><span style=\"font-size: 16px;\"><span style=\"font-family: georgia,serif;\"><img loading=\"lazy\" decoding=\"async\" class=\"alignnone size-medium wp-image-5859 aligncenter\" src=\"https:\/\/www.fio01.com\/wp-content\/uploads\/2025\/06\/pexels-asadphoto-457882-300x200.jpg\" alt=\"\" width=\"300\" height=\"200\" srcset=\"https:\/\/www.fio01.com\/wp-content\/uploads\/2025\/06\/pexels-asadphoto-457882-300x200.jpg 300w, https:\/\/www.fio01.com\/wp-content\/uploads\/2025\/06\/pexels-asadphoto-457882-1024x683.jpg 1024w, https:\/\/www.fio01.com\/wp-content\/uploads\/2025\/06\/pexels-asadphoto-457882-768x512.jpg 768w, https:\/\/www.fio01.com\/wp-content\/uploads\/2025\/06\/pexels-asadphoto-457882-1536x1024.jpg 1536w, https:\/\/www.fio01.com\/wp-content\/uploads\/2025\/06\/pexels-asadphoto-457882-2048x1365.jpg 2048w, https:\/\/www.fio01.com\/wp-content\/uploads\/2025\/06\/pexels-asadphoto-457882-1200x800.jpg 1200w\" sizes=\"auto, (max-width: 300px) 85vw, 300px\" \/><\/span><\/span><\/p>\n<p style=\"text-align: center;\">\u00a0<\/p>\n<div style=\"text-align: justify;\">\n<hr style=\"width: 75%; height: 2px;\" \/><\/div>\n<div>\n<div style=\"text-align: justify;\"><span style=\"font-size: 16px;\"><span style=\"font-family: georgia,serif;\"><!-- LIGNE S\u00c9PARATRICE DE HOWTO --><\/span><\/span><\/div>\n<\/div>\n<p style=\"text-align: center;\"><span style=\"font-family: georgia,serif;\"><span style=\"font-size: 16px;\">Tous vos commentaires, suggestions et correctifs sont les bienvenus.<\/span><\/span><\/p>\n<h3 class=\"widget-title\" style=\"text-align: center;\">\u00a0<\/h3>\n<form action=\"https:\/\/www.paypal.com\/cgi-bin\/webscr\" method=\"post\"><\/form>\n<p style=\"text-align: center;\"><!-- End PayPal Donations --><\/p>\n<hr style=\"width: 75%; height: 2px; text-align: center;\" \/>\n","protected":false},"excerpt":{"rendered":"<p>Ce site se veut un outil de r\u00e9f\u00e9rence pour ceux qui aimerait lancer un site Internet. L&rsquo;approche se veut \u00e0 la port\u00e9e de tous les d\u00e9butants, nul besoin d&rsquo;\u00eatre un crack en informatique, la marche \u00e0 suivre est limpide. Une fois les notions de base acquises, vous montez un\u00a0serveur, y installez WordPress\u00a0et ses diff\u00e9rents plugins. &hellip; <a href=\"https:\/\/www.fio01.com\/\" class=\"more-link\">Continuer la lecture<span class=\"screen-reader-text\"> de &laquo;&nbsp;Bienvenue chez Frederic&nbsp;&raquo;<\/span><\/a><\/p>\n","protected":false},"author":2,"featured_media":0,"parent":0,"menu_order":0,"comment_status":"closed","ping_status":"closed","template":"","meta":{"footnotes":""},"class_list":["post-45","page","type-page","status-publish","hentry"],"_links":{"self":[{"href":"https:\/\/www.fio01.com\/index.php?rest_route=\/wp\/v2\/pages\/45","targetHints":{"allow":["GET"]}}],"collection":[{"href":"https:\/\/www.fio01.com\/index.php?rest_route=\/wp\/v2\/pages"}],"about":[{"href":"https:\/\/www.fio01.com\/index.php?rest_route=\/wp\/v2\/types\/page"}],"author":[{"embeddable":true,"href":"https:\/\/www.fio01.com\/index.php?rest_route=\/wp\/v2\/users\/2"}],"replies":[{"embeddable":true,"href":"https:\/\/www.fio01.com\/index.php?rest_route=%2Fwp%2Fv2%2Fcomments&post=45"}],"version-history":[{"count":5,"href":"https:\/\/www.fio01.com\/index.php?rest_route=\/wp\/v2\/pages\/45\/revisions"}],"predecessor-version":[{"id":5862,"href":"https:\/\/www.fio01.com\/index.php?rest_route=\/wp\/v2\/pages\/45\/revisions\/5862"}],"wp:attachment":[{"href":"https:\/\/www.fio01.com\/index.php?rest_route=%2Fwp%2Fv2%2Fmedia&parent=45"}],"curies":[{"name":"wp","href":"https:\/\/api.w.org\/{rel}","templated":true}]}}